{"id":80,"date":"2021-03-26T00:33:42","date_gmt":"2021-03-25T23:33:42","guid":{"rendered":"https:\/\/www.karl-may.berlin\/wordpress\/?page_id=80"},"modified":"2021-03-26T00:33:42","modified_gmt":"2021-03-25T23:33:42","slug":"impressum","status":"publish","type":"page","link":"https:\/\/www.karl-may.berlin\/wordpress\/impressum","title":{"rendered":"Impressum\/Kontakt"},"content":{"rendered":"\n<figure class=\"wp-block-table is-style-stripes\"><table><tbody><tr><td>Herausgeber:<\/td><td>Wolfgang Hermesmeier<\/td><\/tr><tr><td>Anschrift:<\/td><td>Prenzlauer Allee 221 | 10405 Berlin<\/td><\/tr><tr><td>Tel.:<\/td><td>(0049) &#8211; (0)30 \/ 4412462<\/td><\/tr><tr><td>E-Mail:<\/td><td><a href=\"mailto:hermesmeier@karl-may-bibliografie.de\" target=\"_blank\" rel=\"noreferrer noopener\">hermesmeier@karl-may-bibliografie.de<\/a><\/td><\/tr><tr><td>Web-Adresse:<\/td><td><a href=\"https:\/\/www.karl-may.berlin\" target=\"_blank\" rel=\"noreferrer noopener\">https:\/\/www.karl-may.berlin<\/a><\/td><\/tr><tr><td>Haftungshinweis:<\/td><td>Trotz sorgf\u00e4ltiger inhaltlicher Kontrolle \u00fcbernehme ich keine Haftung f\u00fcr die Inhalte externer Links. F\u00fcr den Inhalt der verlinkten Seiten sind ausschlie\u00dflich deren Betreiber verantwortlich.<\/td><\/tr><\/tbody><\/table><\/figure>\n\n\n\n<p><\/p>\n","protected":false},"excerpt":{"rendered":"<p>Herausgeber: Wolfgang Hermesmeier Anschrift: Prenzlauer Allee 221 | 10405 Berlin Tel.: (0049) &#8211; (0)30 \/ 4412462 E-Mail: hermesmeier@karl-may-bibliografie.de Web-Adresse: https:\/\/www.karl-may.berlin<\/p>\n","protected":false},"author":1,"featured_media":0,"parent":0,"menu_order":0,"comment_status":"closed","ping_status":"closed","template":"","meta":{"colormag_page_container_layout":"default_layout","colormag_page_sidebar_layout":"default_layout","ngg_post_thumbnail":0,"footnotes":""},"class_list":["post-80","page","type-page","status-publish","hentry"],"yoast_head":"<!-- This site is optimized with the Yoast SEO plugin v27.4 - https:\/\/yoast.com\/product\/yoast-seo-wordpress\/ -->\n<title>Impressum\/Kontakt - Wolfgang Hermesmeier<\/title>\n<meta name=\"robots\" content=\"index, follow, max-snippet:-1, max-image-preview:large, max-video-preview:-1\" \/>\n<link rel=\"canonical\" href=\"https:\/\/www.karl-may.berlin\/wordpress\/impressum\" \/>\n<meta property=\"og:locale\" content=\"de_DE\" \/>\n<meta property=\"og:type\" content=\"article\" \/>\n<meta property=\"og:title\" content=\"Impressum\/Kontakt - Wolfgang Hermesmeier\" \/>\n<meta property=\"og:description\" content=\"Herausgeber: Wolfgang Hermesmeier Anschrift: Prenzlauer Allee 221 | 10405 Berlin Tel.: (0049) &#8211; (0)30 \/ 4412462 E-Mail: hermesmeier@karl-may-bibliografie.de Web-Adresse: https:\/\/www.karl-may.berlin\" \/>\n<meta property=\"og:url\" content=\"https:\/\/www.karl-may.berlin\/wordpress\/impressum\" \/>\n<meta property=\"og:site_name\" content=\"Wolfgang Hermesmeier\" \/>\n<meta name=\"twitter:card\" content=\"summary_large_image\" \/>\n<script type=\"application\/ld+json\" class=\"yoast-schema-graph\">{\"@context\":\"https:\\\/\\\/schema.org\",\"@graph\":[{\"@type\":\"WebPage\",\"@id\":\"https:\\\/\\\/www.karl-may.berlin\\\/wordpress\\\/impressum\",\"url\":\"https:\\\/\\\/www.karl-may.berlin\\\/wordpress\\\/impressum\",\"name\":\"Impressum\\\/Kontakt - Wolfgang Hermesmeier\",\"isPartOf\":{\"@id\":\"https:\\\/\\\/www.karl-may.berlin\\\/wordpress\\\/#website\"},\"datePublished\":\"2021-03-25T23:33:42+00:00\",\"breadcrumb\":{\"@id\":\"https:\\\/\\\/www.karl-may.berlin\\\/wordpress\\\/impressum#breadcrumb\"},\"inLanguage\":\"de\",\"potentialAction\":[{\"@type\":\"ReadAction\",\"target\":[\"https:\\\/\\\/www.karl-may.berlin\\\/wordpress\\\/impressum\"]}]},{\"@type\":\"BreadcrumbList\",\"@id\":\"https:\\\/\\\/www.karl-may.berlin\\\/wordpress\\\/impressum#breadcrumb\",\"itemListElement\":[{\"@type\":\"ListItem\",\"position\":1,\"name\":\"Startseite\",\"item\":\"https:\\\/\\\/www.karl-may.berlin\\\/wordpress\"},{\"@type\":\"ListItem\",\"position\":2,\"name\":\"Impressum\\\/Kontakt\"}]},{\"@type\":\"WebSite\",\"@id\":\"https:\\\/\\\/www.karl-may.berlin\\\/wordpress\\\/#website\",\"url\":\"https:\\\/\\\/www.karl-may.berlin\\\/wordpress\\\/\",\"name\":\"Wolfgang Hermesmeier\",\"description\":\"Notizen eines B\u00fccherwurms aus der Karl-May-Welt\",\"publisher\":{\"@id\":\"https:\\\/\\\/www.karl-may.berlin\\\/wordpress\\\/#organization\"},\"potentialAction\":[{\"@type\":\"SearchAction\",\"target\":{\"@type\":\"EntryPoint\",\"urlTemplate\":\"https:\\\/\\\/www.karl-may.berlin\\\/wordpress\\\/?s={search_term_string}\"},\"query-input\":{\"@type\":\"PropertyValueSpecification\",\"valueRequired\":true,\"valueName\":\"search_term_string\"}}],\"inLanguage\":\"de\"},{\"@type\":\"Organization\",\"@id\":\"https:\\\/\\\/www.karl-may.berlin\\\/wordpress\\\/#organization\",\"name\":\"Wolfgang Hermesmeier\",\"url\":\"https:\\\/\\\/www.karl-may.berlin\\\/wordpress\\\/\",\"logo\":{\"@type\":\"ImageObject\",\"inLanguage\":\"de\",\"@id\":\"https:\\\/\\\/www.karl-may.berlin\\\/wordpress\\\/#\\\/schema\\\/logo\\\/image\\\/\",\"url\":\"https:\\\/\\\/www.karl-may.berlin\\\/wordpress\\\/wp-content\\\/uploads\\\/2021\\\/03\\\/0000_logo.jpg\",\"contentUrl\":\"https:\\\/\\\/www.karl-may.berlin\\\/wordpress\\\/wp-content\\\/uploads\\\/2021\\\/03\\\/0000_logo.jpg\",\"width\":150,\"height\":150,\"caption\":\"Wolfgang Hermesmeier\"},\"image\":{\"@id\":\"https:\\\/\\\/www.karl-may.berlin\\\/wordpress\\\/#\\\/schema\\\/logo\\\/image\\\/\"}}]}<\/script>\n<!-- \/ Yoast SEO plugin. -->","yoast_head_json":{"title":"Impressum\/Kontakt - Wolfgang Hermesmeier","robots":{"index":"index","follow":"follow","max-snippet":"max-snippet:-1","max-image-preview":"max-image-preview:large","max-video-preview":"max-video-preview:-1"},"canonical":"https:\/\/www.karl-may.berlin\/wordpress\/impressum","og_locale":"de_DE","og_type":"article","og_title":"Impressum\/Kontakt - Wolfgang Hermesmeier","og_description":"Herausgeber: Wolfgang Hermesmeier Anschrift: Prenzlauer Allee 221 | 10405 Berlin Tel.: (0049) &#8211; (0)30 \/ 4412462 E-Mail: hermesmeier@karl-may-bibliografie.de Web-Adresse: https:\/\/www.karl-may.berlin","og_url":"https:\/\/www.karl-may.berlin\/wordpress\/impressum","og_site_name":"Wolfgang Hermesmeier","twitter_card":"summary_large_image","schema":{"@context":"https:\/\/schema.org","@graph":[{"@type":"WebPage","@id":"https:\/\/www.karl-may.berlin\/wordpress\/impressum","url":"https:\/\/www.karl-may.berlin\/wordpress\/impressum","name":"Impressum\/Kontakt - Wolfgang Hermesmeier","isPartOf":{"@id":"https:\/\/www.karl-may.berlin\/wordpress\/#website"},"datePublished":"2021-03-25T23:33:42+00:00","breadcrumb":{"@id":"https:\/\/www.karl-may.berlin\/wordpress\/impressum#breadcrumb"},"inLanguage":"de","potentialAction":[{"@type":"ReadAction","target":["https:\/\/www.karl-may.berlin\/wordpress\/impressum"]}]},{"@type":"BreadcrumbList","@id":"https:\/\/www.karl-may.berlin\/wordpress\/impressum#breadcrumb","itemListElement":[{"@type":"ListItem","position":1,"name":"Startseite","item":"https:\/\/www.karl-may.berlin\/wordpress"},{"@type":"ListItem","position":2,"name":"Impressum\/Kontakt"}]},{"@type":"WebSite","@id":"https:\/\/www.karl-may.berlin\/wordpress\/#website","url":"https:\/\/www.karl-may.berlin\/wordpress\/","name":"Wolfgang Hermesmeier","description":"Notizen eines B\u00fccherwurms aus der Karl-May-Welt","publisher":{"@id":"https:\/\/www.karl-may.berlin\/wordpress\/#organization"},"potentialAction":[{"@type":"SearchAction","target":{"@type":"EntryPoint","urlTemplate":"https:\/\/www.karl-may.berlin\/wordpress\/?s={search_term_string}"},"query-input":{"@type":"PropertyValueSpecification","valueRequired":true,"valueName":"search_term_string"}}],"inLanguage":"de"},{"@type":"Organization","@id":"https:\/\/www.karl-may.berlin\/wordpress\/#organization","name":"Wolfgang Hermesmeier","url":"https:\/\/www.karl-may.berlin\/wordpress\/","logo":{"@type":"ImageObject","inLanguage":"de","@id":"https:\/\/www.karl-may.berlin\/wordpress\/#\/schema\/logo\/image\/","url":"https:\/\/www.karl-may.berlin\/wordpress\/wp-content\/uploads\/2021\/03\/0000_logo.jpg","contentUrl":"https:\/\/www.karl-may.berlin\/wordpress\/wp-content\/uploads\/2021\/03\/0000_logo.jpg","width":150,"height":150,"caption":"Wolfgang Hermesmeier"},"image":{"@id":"https:\/\/www.karl-may.berlin\/wordpress\/#\/schema\/logo\/image\/"}}]}},"_links":{"self":[{"href":"https:\/\/www.karl-may.berlin\/wordpress\/wp-json\/wp\/v2\/pages\/80","targetHints":{"allow":["GET"]}}],"collection":[{"href":"https:\/\/www.karl-may.berlin\/wordpress\/wp-json\/wp\/v2\/pages"}],"about":[{"href":"https:\/\/www.karl-may.berlin\/wordpress\/wp-json\/wp\/v2\/types\/page"}],"author":[{"embeddable":true,"href":"https:\/\/www.karl-may.berlin\/wordpress\/wp-json\/wp\/v2\/users\/1"}],"replies":[{"embeddable":true,"href":"https:\/\/www.karl-may.berlin\/wordpress\/wp-json\/wp\/v2\/comments?post=80"}],"version-history":[{"count":0,"href":"https:\/\/www.karl-may.berlin\/wordpress\/wp-json\/wp\/v2\/pages\/80\/revisions"}],"wp:attachment":[{"href":"https:\/\/www.karl-may.berlin\/wordpress\/wp-json\/wp\/v2\/media?parent=80"}],"curies":[{"name":"wp","href":"https:\/\/api.w.org\/{rel}","templated":true}]}}