{"id":11,"date":"2021-03-25T22:22:56","date_gmt":"2021-03-25T21:22:56","guid":{"rendered":"https:\/\/www.karl-may.berlin\/wordpress\/?page_id=11"},"modified":"2021-04-08T14:46:06","modified_gmt":"2021-04-08T12:46:06","slug":"ueber-uns","status":"publish","type":"page","link":"https:\/\/www.karl-may.berlin\/wordpress\/ueber-uns","title":{"rendered":"\u00dcber mich"},"content":{"rendered":"\n<p class=\"has-medium-font-size\">Fast mein ganzes Leben lang besch\u00e4ftige ich mich mit Karl May, zun\u00e4chst lesend, dann sammelnd, schlie\u00dflich schreibend, letzteres sehr oft in Co-Autorschaft mit Prof. Stefan Schmatz. Der \u00fcberwiegende Teil meiner Publikationen \u2013 teils in Buchform, \u00fcberwiegend in Szene-Magazinen erschienen \u2013 besch\u00e4ftigt sich mit der bibliografischen Grundlagenforschung. Wann sind welche Texte wo erschienen? Welche Erscheinungsformen hat Karl Mays Werk? Den Sammler gereizt haben dabei stets eher die gestalteten Einb\u00e4nde und Illustrierungen als die Texte selbst.<\/p>\n\n\n\n<p class=\"has-medium-font-size\">Noch immer sind nicht alle Textzeugen entdeckt. Die Erforschung des Unbekannten empfinde ich wie eine Schatzsuche, nur tauche ich dabei nicht in die Tiefen der Ozeane, sondern in die Untiefen von Bibliotheken und Archiven. Der Westmann kann nicht vorhersagen, was ihm vor die Flinte l\u00e4uft. Genauso unsystematisch fallen die Berichte und Dokumentationen aus, die sich aus meinen Jagdz\u00fcgen ergeben.<\/p>\n\n\n\n<p class=\"has-medium-font-size\">Gespannt wie der hoffentlich geneigte Leser bin ich selbst, wor\u00fcber ich in unregelm\u00e4\u00dfigen Abst\u00e4nden berichten kann. Da ich beim Auf- und Umr\u00e4umen innerhalb meiner Wohnhaft immer wieder auf Dinge sto\u00dfe, deren Existenz ich schon vergessen hatte, wird es sicher auch Gelegenheit geben, Schubladenfunde zu pr\u00e4sentieren. Ich w\u00fcnsche viel Freude beim St\u00f6bern.<\/p>\n\n\n\n<p class=\"has-text-align-right has-medium-font-size\"><em><a href=\"mailto:hermesmeier@karl-may-bibliografie.de?subject=WP%3A_%20Ueber%20mich\" data-type=\"mailto\" data-id=\"mailto:hermesmeier@karl-may-bibliografie.de\" rel=\"noreferrer noopener\">Wolfgang Hermesmeier<\/a><\/em><\/p>\n","protected":false},"excerpt":{"rendered":"<p>Fast mein ganzes Leben lang besch\u00e4ftige ich mich mit Karl May, zun\u00e4chst lesend, dann sammelnd, schlie\u00dflich schreibend, letzteres sehr oft<\/p>\n","protected":false},"author":1,"featured_media":60,"parent":0,"menu_order":0,"comment_status":"closed","ping_status":"closed","template":"","meta":{"colormag_page_container_layout":"default_layout","colormag_page_sidebar_layout":"default_layout","ngg_post_thumbnail":0,"footnotes":""},"class_list":["post-11","page","type-page","status-publish","has-post-thumbnail","hentry"],"yoast_head":"<!-- This site is optimized with the Yoast SEO plugin v27.4 - https:\/\/yoast.com\/product\/yoast-seo-wordpress\/ -->\n<title>\u00dcber mich - Wolfgang Hermesmeier<\/title>\n<meta name=\"robots\" content=\"index, follow, max-snippet:-1, max-image-preview:large, max-video-preview:-1\" \/>\n<link rel=\"canonical\" href=\"https:\/\/www.karl-may.berlin\/wordpress\/ueber-uns\" \/>\n<meta property=\"og:locale\" content=\"de_DE\" \/>\n<meta property=\"og:type\" content=\"article\" \/>\n<meta property=\"og:title\" content=\"\u00dcber mich - Wolfgang Hermesmeier\" \/>\n<meta property=\"og:description\" content=\"Fast mein ganzes Leben lang besch\u00e4ftige ich mich mit Karl May, zun\u00e4chst lesend, dann sammelnd, schlie\u00dflich schreibend, letzteres sehr oft\" \/>\n<meta property=\"og:url\" content=\"https:\/\/www.karl-may.berlin\/wordpress\/ueber-uns\" \/>\n<meta property=\"og:site_name\" content=\"Wolfgang Hermesmeier\" \/>\n<meta property=\"article:modified_time\" content=\"2021-04-08T12:46:06+00:00\" \/>\n<meta property=\"og:image\" content=\"https:\/\/www.karl-may.berlin\/wordpress\/wp-content\/uploads\/2021\/03\/0000_ueberMich.jpg\" \/>\n\t<meta property=\"og:image:width\" content=\"1400\" \/>\n\t<meta property=\"og:image:height\" content=\"260\" \/>\n\t<meta property=\"og:image:type\" content=\"image\/jpeg\" \/>\n<meta name=\"twitter:card\" content=\"summary_large_image\" \/>\n<meta name=\"twitter:label1\" content=\"Gesch\u00e4tzte Lesezeit\" \/>\n\t<meta name=\"twitter:data1\" content=\"1\u00a0Minute\" \/>\n<script type=\"application\/ld+json\" class=\"yoast-schema-graph\">{\"@context\":\"https:\\\/\\\/schema.org\",\"@graph\":[{\"@type\":\"WebPage\",\"@id\":\"https:\\\/\\\/www.karl-may.berlin\\\/wordpress\\\/ueber-uns\",\"url\":\"https:\\\/\\\/www.karl-may.berlin\\\/wordpress\\\/ueber-uns\",\"name\":\"\u00dcber mich - Wolfgang Hermesmeier\",\"isPartOf\":{\"@id\":\"https:\\\/\\\/www.karl-may.berlin\\\/wordpress\\\/#website\"},\"primaryImageOfPage\":{\"@id\":\"https:\\\/\\\/www.karl-may.berlin\\\/wordpress\\\/ueber-uns#primaryimage\"},\"image\":{\"@id\":\"https:\\\/\\\/www.karl-may.berlin\\\/wordpress\\\/ueber-uns#primaryimage\"},\"thumbnailUrl\":\"https:\\\/\\\/www.karl-may.berlin\\\/wordpress\\\/wp-content\\\/uploads\\\/2021\\\/03\\\/0000_ueberMich.jpg\",\"datePublished\":\"2021-03-25T21:22:56+00:00\",\"dateModified\":\"2021-04-08T12:46:06+00:00\",\"breadcrumb\":{\"@id\":\"https:\\\/\\\/www.karl-may.berlin\\\/wordpress\\\/ueber-uns#breadcrumb\"},\"inLanguage\":\"de\",\"potentialAction\":[{\"@type\":\"ReadAction\",\"target\":[\"https:\\\/\\\/www.karl-may.berlin\\\/wordpress\\\/ueber-uns\"]}]},{\"@type\":\"ImageObject\",\"inLanguage\":\"de\",\"@id\":\"https:\\\/\\\/www.karl-may.berlin\\\/wordpress\\\/ueber-uns#primaryimage\",\"url\":\"https:\\\/\\\/www.karl-may.berlin\\\/wordpress\\\/wp-content\\\/uploads\\\/2021\\\/03\\\/0000_ueberMich.jpg\",\"contentUrl\":\"https:\\\/\\\/www.karl-may.berlin\\\/wordpress\\\/wp-content\\\/uploads\\\/2021\\\/03\\\/0000_ueberMich.jpg\",\"width\":1400,\"height\":260,\"caption\":\"\u00dcber mich - Aufmacher\"},{\"@type\":\"BreadcrumbList\",\"@id\":\"https:\\\/\\\/www.karl-may.berlin\\\/wordpress\\\/ueber-uns#breadcrumb\",\"itemListElement\":[{\"@type\":\"ListItem\",\"position\":1,\"name\":\"Startseite\",\"item\":\"https:\\\/\\\/www.karl-may.berlin\\\/wordpress\"},{\"@type\":\"ListItem\",\"position\":2,\"name\":\"\u00dcber mich\"}]},{\"@type\":\"WebSite\",\"@id\":\"https:\\\/\\\/www.karl-may.berlin\\\/wordpress\\\/#website\",\"url\":\"https:\\\/\\\/www.karl-may.berlin\\\/wordpress\\\/\",\"name\":\"Wolfgang Hermesmeier\",\"description\":\"Notizen eines B\u00fccherwurms aus der Karl-May-Welt\",\"publisher\":{\"@id\":\"https:\\\/\\\/www.karl-may.berlin\\\/wordpress\\\/#organization\"},\"potentialAction\":[{\"@type\":\"SearchAction\",\"target\":{\"@type\":\"EntryPoint\",\"urlTemplate\":\"https:\\\/\\\/www.karl-may.berlin\\\/wordpress\\\/?s={search_term_string}\"},\"query-input\":{\"@type\":\"PropertyValueSpecification\",\"valueRequired\":true,\"valueName\":\"search_term_string\"}}],\"inLanguage\":\"de\"},{\"@type\":\"Organization\",\"@id\":\"https:\\\/\\\/www.karl-may.berlin\\\/wordpress\\\/#organization\",\"name\":\"Wolfgang Hermesmeier\",\"url\":\"https:\\\/\\\/www.karl-may.berlin\\\/wordpress\\\/\",\"logo\":{\"@type\":\"ImageObject\",\"inLanguage\":\"de\",\"@id\":\"https:\\\/\\\/www.karl-may.berlin\\\/wordpress\\\/#\\\/schema\\\/logo\\\/image\\\/\",\"url\":\"https:\\\/\\\/www.karl-may.berlin\\\/wordpress\\\/wp-content\\\/uploads\\\/2021\\\/03\\\/0000_logo.jpg\",\"contentUrl\":\"https:\\\/\\\/www.karl-may.berlin\\\/wordpress\\\/wp-content\\\/uploads\\\/2021\\\/03\\\/0000_logo.jpg\",\"width\":150,\"height\":150,\"caption\":\"Wolfgang Hermesmeier\"},\"image\":{\"@id\":\"https:\\\/\\\/www.karl-may.berlin\\\/wordpress\\\/#\\\/schema\\\/logo\\\/image\\\/\"}}]}<\/script>\n<!-- \/ Yoast SEO plugin. -->","yoast_head_json":{"title":"\u00dcber mich - Wolfgang Hermesmeier","robots":{"index":"index","follow":"follow","max-snippet":"max-snippet:-1","max-image-preview":"max-image-preview:large","max-video-preview":"max-video-preview:-1"},"canonical":"https:\/\/www.karl-may.berlin\/wordpress\/ueber-uns","og_locale":"de_DE","og_type":"article","og_title":"\u00dcber mich - Wolfgang Hermesmeier","og_description":"Fast mein ganzes Leben lang besch\u00e4ftige ich mich mit Karl May, zun\u00e4chst lesend, dann sammelnd, schlie\u00dflich schreibend, letzteres sehr oft","og_url":"https:\/\/www.karl-may.berlin\/wordpress\/ueber-uns","og_site_name":"Wolfgang Hermesmeier","article_modified_time":"2021-04-08T12:46:06+00:00","og_image":[{"width":1400,"height":260,"url":"https:\/\/www.karl-may.berlin\/wordpress\/wp-content\/uploads\/2021\/03\/0000_ueberMich.jpg","type":"image\/jpeg"}],"twitter_card":"summary_large_image","twitter_misc":{"Gesch\u00e4tzte Lesezeit":"1\u00a0Minute"},"schema":{"@context":"https:\/\/schema.org","@graph":[{"@type":"WebPage","@id":"https:\/\/www.karl-may.berlin\/wordpress\/ueber-uns","url":"https:\/\/www.karl-may.berlin\/wordpress\/ueber-uns","name":"\u00dcber mich - Wolfgang Hermesmeier","isPartOf":{"@id":"https:\/\/www.karl-may.berlin\/wordpress\/#website"},"primaryImageOfPage":{"@id":"https:\/\/www.karl-may.berlin\/wordpress\/ueber-uns#primaryimage"},"image":{"@id":"https:\/\/www.karl-may.berlin\/wordpress\/ueber-uns#primaryimage"},"thumbnailUrl":"https:\/\/www.karl-may.berlin\/wordpress\/wp-content\/uploads\/2021\/03\/0000_ueberMich.jpg","datePublished":"2021-03-25T21:22:56+00:00","dateModified":"2021-04-08T12:46:06+00:00","breadcrumb":{"@id":"https:\/\/www.karl-may.berlin\/wordpress\/ueber-uns#breadcrumb"},"inLanguage":"de","potentialAction":[{"@type":"ReadAction","target":["https:\/\/www.karl-may.berlin\/wordpress\/ueber-uns"]}]},{"@type":"ImageObject","inLanguage":"de","@id":"https:\/\/www.karl-may.berlin\/wordpress\/ueber-uns#primaryimage","url":"https:\/\/www.karl-may.berlin\/wordpress\/wp-content\/uploads\/2021\/03\/0000_ueberMich.jpg","contentUrl":"https:\/\/www.karl-may.berlin\/wordpress\/wp-content\/uploads\/2021\/03\/0000_ueberMich.jpg","width":1400,"height":260,"caption":"\u00dcber mich - Aufmacher"},{"@type":"BreadcrumbList","@id":"https:\/\/www.karl-may.berlin\/wordpress\/ueber-uns#breadcrumb","itemListElement":[{"@type":"ListItem","position":1,"name":"Startseite","item":"https:\/\/www.karl-may.berlin\/wordpress"},{"@type":"ListItem","position":2,"name":"\u00dcber mich"}]},{"@type":"WebSite","@id":"https:\/\/www.karl-may.berlin\/wordpress\/#website","url":"https:\/\/www.karl-may.berlin\/wordpress\/","name":"Wolfgang Hermesmeier","description":"Notizen eines B\u00fccherwurms aus der Karl-May-Welt","publisher":{"@id":"https:\/\/www.karl-may.berlin\/wordpress\/#organization"},"potentialAction":[{"@type":"SearchAction","target":{"@type":"EntryPoint","urlTemplate":"https:\/\/www.karl-may.berlin\/wordpress\/?s={search_term_string}"},"query-input":{"@type":"PropertyValueSpecification","valueRequired":true,"valueName":"search_term_string"}}],"inLanguage":"de"},{"@type":"Organization","@id":"https:\/\/www.karl-may.berlin\/wordpress\/#organization","name":"Wolfgang Hermesmeier","url":"https:\/\/www.karl-may.berlin\/wordpress\/","logo":{"@type":"ImageObject","inLanguage":"de","@id":"https:\/\/www.karl-may.berlin\/wordpress\/#\/schema\/logo\/image\/","url":"https:\/\/www.karl-may.berlin\/wordpress\/wp-content\/uploads\/2021\/03\/0000_logo.jpg","contentUrl":"https:\/\/www.karl-may.berlin\/wordpress\/wp-content\/uploads\/2021\/03\/0000_logo.jpg","width":150,"height":150,"caption":"Wolfgang Hermesmeier"},"image":{"@id":"https:\/\/www.karl-may.berlin\/wordpress\/#\/schema\/logo\/image\/"}}]}},"_links":{"self":[{"href":"https:\/\/www.karl-may.berlin\/wordpress\/wp-json\/wp\/v2\/pages\/11","targetHints":{"allow":["GET"]}}],"collection":[{"href":"https:\/\/www.karl-may.berlin\/wordpress\/wp-json\/wp\/v2\/pages"}],"about":[{"href":"https:\/\/www.karl-may.berlin\/wordpress\/wp-json\/wp\/v2\/types\/page"}],"author":[{"embeddable":true,"href":"https:\/\/www.karl-may.berlin\/wordpress\/wp-json\/wp\/v2\/users\/1"}],"replies":[{"embeddable":true,"href":"https:\/\/www.karl-may.berlin\/wordpress\/wp-json\/wp\/v2\/comments?post=11"}],"version-history":[{"count":0,"href":"https:\/\/www.karl-may.berlin\/wordpress\/wp-json\/wp\/v2\/pages\/11\/revisions"}],"wp:featuredmedia":[{"embeddable":true,"href":"https:\/\/www.karl-may.berlin\/wordpress\/wp-json\/wp\/v2\/media\/60"}],"wp:attachment":[{"href":"https:\/\/www.karl-may.berlin\/wordpress\/wp-json\/wp\/v2\/media?parent=11"}],"curies":[{"name":"wp","href":"https:\/\/api.w.org\/{rel}","templated":true}]}}